{"id":713,"date":"2025-11-05T00:41:42","date_gmt":"2025-11-05T00:41:42","guid":{"rendered":"https:\/\/eskarateportimao.pt\/?page_id=713"},"modified":"2025-11-05T00:51:48","modified_gmt":"2025-11-05T00:51:48","slug":"elementor-713","status":"publish","type":"page","link":"https:\/\/eskarateportimao.pt\/?page_id=713","title":{"rendered":"Elementor #713"},"content":{"rendered":"\t\t<div data-elementor-type=\"wp-page\" data-elementor-id=\"713\" class=\"elementor elementor-713\">\n\t\t\t\t\t\t\t\t\t<section class=\"elementor-section elementor-top-section elementor-element elementor-element-eda4ae9 elementor-section-boxed elementor-section-height-default elementor-section-height-default\" data-id=\"eda4ae9\" data-element_type=\"section\">\n\t\t\t\t\t\t<div class=\"elementor-container elementor-column-gap-default\">\n\t\t\t\t\t<div class=\"elementor-column elementor-col-100 elementor-top-column elementor-element elementor-element-895c965\" data-id=\"895c965\" data-element_type=\"column\">\n\t\t\t<div class=\"elementor-widget-wrap elementor-element-populated\">\n\t\t\t\t\t\t\t\t<div class=\"elementor-element elementor-element-8ba09b8 elementor-widget elementor-widget-heading\" data-id=\"8ba09b8\" data-element_type=\"widget\" data-widget_type=\"heading.default\">\n\t\t\t\t<div class=\"elementor-widget-container\">\n\t\t\t<style>\/*! elementor - v3.15.0 - 09-08-2023 *\/\n.elementor-heading-title{padding:0;margin:0;line-height:1}.elementor-widget-heading .elementor-heading-title[class*=elementor-size-]>a{color:inherit;font-size:inherit;line-height:inherit}.elementor-widget-heading .elementor-heading-title.elementor-size-small{font-size:15px}.elementor-widget-heading .elementor-heading-title.elementor-size-medium{font-size:19px}.elementor-widget-heading .elementor-heading-title.elementor-size-large{font-size:29px}.elementor-widget-heading .elementor-heading-title.elementor-size-xl{font-size:39px}.elementor-widget-heading .elementor-heading-title.elementor-size-xxl{font-size:59px}<\/style><h2 class=\"elementor-heading-title elementor-size-default\">JANTAR E CONV\u00cdVIO DE NATAL 2025<\/h2>\t\t<\/div>\n\t\t\t\t<\/div>\n\t\t\t\t\t<\/div>\n\t\t<\/div>\n\t\t\t\t\t\t\t<\/div>\n\t\t<\/section>\n\t\t\t\t<section class=\"elementor-section elementor-top-section elementor-element elementor-element-4a6e122 elementor-section-boxed elementor-section-height-default elementor-section-height-default\" data-id=\"4a6e122\" data-element_type=\"section\">\n\t\t\t\t\t\t<div class=\"elementor-container elementor-column-gap-default\">\n\t\t\t\t\t<div class=\"elementor-column elementor-col-50 elementor-top-column elementor-element elementor-element-ff364b4\" data-id=\"ff364b4\" data-element_type=\"column\">\n\t\t\t<div class=\"elementor-widget-wrap elementor-element-populated\">\n\t\t\t\t\t\t\t\t<div class=\"elementor-element elementor-element-a521e50 elementor-widget elementor-widget-text-editor\" data-id=\"a521e50\" data-element_type=\"widget\" data-widget_type=\"text-editor.default\">\n\t\t\t\t<div class=\"elementor-widget-container\">\n\t\t\t<style>\/*! elementor - v3.15.0 - 09-08-2023 *\/\n.elementor-widget-text-editor.elementor-drop-cap-view-stacked .elementor-drop-cap{background-color:#69727d;color:#fff}.elementor-widget-text-editor.elementor-drop-cap-view-framed .elementor-drop-cap{color:#69727d;border:3px solid;background-color:transparent}.elementor-widget-text-editor:not(.elementor-drop-cap-view-default) .elementor-drop-cap{margin-top:8px}.elementor-widget-text-editor:not(.elementor-drop-cap-view-default) .elementor-drop-cap-letter{width:1em;height:1em}.elementor-widget-text-editor .elementor-drop-cap{float:left;text-align:center;line-height:1;font-size:50px}.elementor-widget-text-editor .elementor-drop-cap-letter{display:inline-block}<\/style>\t\t\t\t<p>Este ano, por estarmos a organizar o 38\u00ba Campeonato Europeu de Karate Shotokan, n\u00e3o \u00e9 poss\u00edvel organizarmos a tradicional Gala de Natal, e como tal, para n\u00e3o deixar passar este magn\u00edfico encontro nesta data t\u00e3o especial, decidimos neste dia realizar atividades surpresa e brindar \u00e0 amizade e ao companheirismo no final do dia, no tradicional Jantar de Natal, que este ano contemplar\u00e1 as tradicionais homenagens aos nossos Karatecas em destaque!<\/p><p>Estamos ansiosos por este dia que promete ser absolutamente fant\u00e1stico e sobretudo M\u00e1gico!<\/p><p>Faz agora a tua reserva de lugares para o Jantar de Natal em baixo!<\/p><p>Os Lugares s\u00e3o muito limitados.<\/p>\t\t\t\t\t\t<\/div>\n\t\t\t\t<\/div>\n\t\t\t\t\t<\/div>\n\t\t<\/div>\n\t\t\t\t<div class=\"elementor-column elementor-col-50 elementor-top-column elementor-element elementor-element-82925f3\" data-id=\"82925f3\" data-element_type=\"column\">\n\t\t\t<div class=\"elementor-widget-wrap elementor-element-populated\">\n\t\t\t\t\t\t\t\t<div class=\"elementor-element elementor-element-aa1b7fc elementor-widget elementor-widget-image\" data-id=\"aa1b7fc\" data-element_type=\"widget\" data-widget_type=\"image.default\">\n\t\t\t\t<div class=\"elementor-widget-container\">\n\t\t\t<style>\/*! elementor - v3.15.0 - 09-08-2023 *\/\n.elementor-widget-image{text-align:center}.elementor-widget-image a{display:inline-block}.elementor-widget-image a img[src$=\".svg\"]{width:48px}.elementor-widget-image img{vertical-align:middle;display:inline-block}<\/style>\t\t\t\t\t\t\t\t\t\t\t\t<img loading=\"lazy\" decoding=\"async\" width=\"819\" height=\"1024\" src=\"https:\/\/eskarateportimao.pt\/wp-content\/uploads\/2025\/11\/Cream-and-Red-Retro-Style-Merry-Christmas-Greetings-Instagram-Post-2-819x1024.jpg\" class=\"attachment-large size-large wp-image-715\" alt=\"\" srcset=\"https:\/\/eskarateportimao.pt\/wp-content\/uploads\/2025\/11\/Cream-and-Red-Retro-Style-Merry-Christmas-Greetings-Instagram-Post-2-819x1024.jpg 819w, https:\/\/eskarateportimao.pt\/wp-content\/uploads\/2025\/11\/Cream-and-Red-Retro-Style-Merry-Christmas-Greetings-Instagram-Post-2-240x300.jpg 240w, https:\/\/eskarateportimao.pt\/wp-content\/uploads\/2025\/11\/Cream-and-Red-Retro-Style-Merry-Christmas-Greetings-Instagram-Post-2-768x960.jpg 768w, https:\/\/eskarateportimao.pt\/wp-content\/uploads\/2025\/11\/Cream-and-Red-Retro-Style-Merry-Christmas-Greetings-Instagram-Post-2.jpg 1080w\" sizes=\"auto, (max-width: 819px) 100vw, 819px\" \/>\t\t\t\t\t\t\t\t\t\t\t\t\t\t\t<\/div>\n\t\t\t\t<\/div>\n\t\t\t\t\t<\/div>\n\t\t<\/div>\n\t\t\t\t\t\t\t<\/div>\n\t\t<\/section>\n\t\t\t\t<section class=\"elementor-section elementor-top-section elementor-element elementor-element-a57402d elementor-section-boxed elementor-section-height-default elementor-section-height-default\" data-id=\"a57402d\" data-element_type=\"section\">\n\t\t\t\t\t\t<div class=\"elementor-container elementor-column-gap-default\">\n\t\t\t\t\t<div class=\"elementor-column elementor-col-100 elementor-top-column elementor-element elementor-element-b8ea07d\" data-id=\"b8ea07d\" data-element_type=\"column\">\n\t\t\t<div class=\"elementor-widget-wrap elementor-element-populated\">\n\t\t\t\t\t\t\t\t<div class=\"elementor-element elementor-element-9de3010 elementor-widget elementor-widget-html\" data-id=\"9de3010\" data-element_type=\"widget\" data-widget_type=\"html.default\">\n\t\t\t\t<div class=\"elementor-widget-container\">\n\t\t\t<iframe loading=\"lazy\" src=\"https:\/\/docs.google.com\/forms\/d\/e\/1FAIpQLSez1Ed4LQ9Tk5rq_LgM3jRsX_LlwLNhF1ItVBA83-fDjU9JYA\/viewform?embedded=true\" width=\"640\" height=\"1139\" frameborder=\"0\" marginheight=\"0\" marginwidth=\"0\">A carregar\u2026<\/iframe>\t\t<\/div>\n\t\t\t\t<\/div>\n\t\t\t\t\t<\/div>\n\t\t<\/div>\n\t\t\t\t\t\t\t<\/div>\n\t\t<\/section>\n\t\t\t\t\t\t\t<\/div>\n\t\t","protected":false},"excerpt":{"rendered":"<p>JANTAR E CONV\u00cdVIO DE NATAL 2025 Este ano, por estarmos a organizar o 38\u00ba Campeonato Europeu de Karate Shotokan, n\u00e3o \u00e9 poss\u00edvel organizarmos a tradicional Gala de Natal, e como tal, para n\u00e3o deixar passar este magn\u00edfico encontro nesta data t\u00e3o especial, decidimos neste dia realizar atividades surpresa e brindar \u00e0 amizade e ao companheirismo &hellip;<\/p>\n<p class=\"read-more\"> <a class=\"\" href=\"https:\/\/eskarateportimao.pt\/?page_id=713\"> <span class=\"screen-reader-text\">Elementor #713<\/span> Leia mais &raquo;<\/a><\/p>\n","protected":false},"author":1,"featured_media":0,"parent":0,"menu_order":0,"comment_status":"closed","ping_status":"closed","template":"","meta":{"site-sidebar-layout":"no-sidebar","site-content-layout":"page-builder","ast-global-header-display":"","ast-banner-title-visibility":"","ast-main-header-display":"","ast-hfb-above-header-display":"","ast-hfb-below-header-display":"","ast-hfb-mobile-header-display":"","site-post-title":"disabled","ast-breadcrumbs-content":"","ast-featured-img":"disabled","footer-sml-layout":"","theme-transparent-header-meta":"","adv-header-id-meta":"","stick-header-meta":"","header-above-stick-meta":"","header-main-stick-meta":"","header-below-stick-meta":"","footnotes":""},"class_list":["post-713","page","type-page","status-publish","hentry"],"_links":{"self":[{"href":"https:\/\/eskarateportimao.pt\/index.php?rest_route=\/wp\/v2\/pages\/713","targetHints":{"allow":["GET"]}}],"collection":[{"href":"https:\/\/eskarateportimao.pt\/index.php?rest_route=\/wp\/v2\/pages"}],"about":[{"href":"https:\/\/eskarateportimao.pt\/index.php?rest_route=\/wp\/v2\/types\/page"}],"author":[{"embeddable":true,"href":"https:\/\/eskarateportimao.pt\/index.php?rest_route=\/wp\/v2\/users\/1"}],"replies":[{"embeddable":true,"href":"https:\/\/eskarateportimao.pt\/index.php?rest_route=%2Fwp%2Fv2%2Fcomments&post=713"}],"version-history":[{"count":8,"href":"https:\/\/eskarateportimao.pt\/index.php?rest_route=\/wp\/v2\/pages\/713\/revisions"}],"predecessor-version":[{"id":730,"href":"https:\/\/eskarateportimao.pt\/index.php?rest_route=\/wp\/v2\/pages\/713\/revisions\/730"}],"wp:attachment":[{"href":"https:\/\/eskarateportimao.pt\/index.php?rest_route=%2Fwp%2Fv2%2Fmedia&parent=713"}],"curies":[{"name":"wp","href":"https:\/\/api.w.org\/{rel}","templated":true}]}}